{"id":14363,"date":"2023-08-02T13:43:04","date_gmt":"2023-08-02T12:43:04","guid":{"rendered":"https:\/\/speakdanish.dk\/terms-conditions\/"},"modified":"2023-10-03T07:10:23","modified_gmt":"2023-10-03T06:10:23","slug":"geschaeftsbedingungen","status":"publish","type":"page","link":"https:\/\/speakdanish.dk\/de\/geschaeftsbedingungen\/","title":{"rendered":"Gesch\u00e4ftsbedingungen"},"content":{"rendered":"\n<h2 class=\"wp-block-heading\">1. Einleitung<\/h2>\n\n\n\n<p>Diese Nutzungsbedingungen bestimmen Ihre Nutzung unserer Website; durch Benutzen unserer Website stimmen Sie diesen Nutzungsbedingungen in vollem Umfang zu. Wenn Sie mit diesen Nutzungsbedingungen oder Teilen dieser Nutzungsbdingungen nicht einverstanden sind, dann d\u00fcrfen Sie unsere Website nicht benutzen.<\/p>\n\n\n\n<h2 class=\"wp-block-heading\">2. Lizenz zur Nutzung der Website<\/h2>\n\n\n\n<p>Falls nicht anderweitig angegeben, besitzen wir die Schutz- und Urheberrechte f\u00fcr die Website und das Material auf der Website. Gem\u00e4\u00df der untengenannten Lizenz sind all diese Schutz- und Urheberrechte vorbehalten.<\/p>\n\n\n\n<p>Sie d\u00fcrfen sich die Seiten auf dieser Webpr\u00e4senz ansehen, downloaden nur zu Cachingzwecken und Ausdrucken f\u00fcr Ihre pers\u00f6nliche Nutzung, gem\u00e4\u00df unten und anderswo in diesen Nutzungsbedingungen angegebenen Einschr\u00e4nkungen.<\/p>\n\n\n\n<p>Sie d\u00fcrfen nicht:<br>(a) Material von dieser Website neu ver\u00f6ffentlichen (inklusive Wiederver\u00f6ffentlichung auf einer anderen Website)<br>(b) Material von dieser Website verkaufen, verleihen oder Lizenzen weitergeben<br>(c) Material von unserer Website reproduzieren, duplizieren, kopieren oder anderweitig f\u00fcr kommerzielle Zwecke verwerten<br>(d) Irgendwelches Material auf unserer Website \u00fcberarbeiten oder anderweitig ab\u00e4ndern; oder<br>(e) Material von dieser Website weiter verteilen<\/p>\n\n\n\n<h2 class=\"wp-block-heading\">3. Akzeptable Nutzung<\/h2>\n\n\n\n<p>Sie d\u00fcrfen unsere Website nicht auf irgendeine Weise nutzen, die der Website Schaden zuf\u00fcgt oder Beeintr\u00e4chtigungen der Verf\u00fcgbarkeit oder des Zugangs zur Website verursacht; oder auf irgendeine Weise, die gesetzeswidrig, illegal, betr\u00fcgerisch oder sch\u00e4digend ist oder in Verbindung mit irgendeiner gesetzeswidrigen, illegalen oder sch\u00e4digenden Absicht oder Aktivit\u00e4t steht.<\/p>\n\n\n\n<p>Sie d\u00fcrfen unsere Website nicht dazu verwenden, um irgendwelches Material, das Spyware, Computerviren, Trojanische Pferde, W\u00fcrmer, Tastendrucklogger, Rootkits oder andere sch\u00e4dliche Computer Software enth\u00e4lt, zu kopieren, speichern, hosten, \u00fcbermitteln, senden, benutzen, publizieren oder verbreiten.<\/p>\n\n\n\n<p>Sie d\u00fcrfen keine systematischen oder automatisierten Datensammlungsaktivit\u00e4ten (inklusive, ohne Einschr\u00e4nkung, Scraping, Data-Mining, Daten-Extraktion und Data-Harvesting) auf oder in Verbindung mit unserer Website durchf\u00fchren ohne unser ausdr\u00fcckliches schriftliches Einverst\u00e4ndnis.<\/p>\n\n\n\n<p>Sie d\u00fcrfen unsere Website nicht verwenden, um unaufgeforderte kommerzielle Kommunikationen zu \u00fcbermitteln oder senden.<\/p>\n\n\n\n<p>Sie d\u00fcrfen unsere Website nicht f\u00fcr irgendwelche Absichten in Verbindung mit Marketing ohne unser ausdr\u00fcckliches schriftliches Einverst\u00e4ndnis benutzen.<\/p>\n\n\n\n<h2 class=\"wp-block-heading\">4. Eingeschr\u00e4nkter Zugang<\/h2>\n\n\n\n<p>Zugang zu bestimmten Bereichen auf unserer Website ist eingeschr\u00e4nkt. Wir behalten uns das Recht vor, den Zugang zu anderen Bereichen auf unserer Website oder durchaus unsere gesamte Website nach unserem Ermessen einzuschr\u00e4nken.<\/p>\n\n\n\n<p>Wenn eine Benutzerkennung und ein Passwort [von uns f\u00fcr Sie zur Verf\u00fcgung gestellt \/ von Ihnen erzeugt wird], um Ihnen den Zugang zu eingeschr\u00e4nkten Bereichen auf unserer Website oder anderen Inhalten oder Serviceleistungen zu erm\u00f6glichen, dann m\u00fcssen Sie sicherstellen, dass das Passwort geheim gehalten wird.<\/p>\n\n\n\n<p>Sie m\u00fcssen uns umgehend schriftlich dar\u00fcber in Kenntis setzen, wenn Sie eine unauthorisierte Nutzung Ihres Kontos oder Passwortes bemerken.<\/p>\n\n\n\n<p>Sie sind verantwortlich f\u00fcr jedwede Aktivit\u00e4t auf unserer Website, die einem Vers\u00e4umnis Ihrerseits zur Geheimhaltung Ihres Passwortes entspringt und Sie k\u00f6nnen f\u00fcr alle daraus entstehenden Sch\u00e4den haftbar gemacht werden.<\/p>\n\n\n\n<p>Sie d\u00fcrfen nicht die Benutzerkennung und das Passwort irgendeiner anderen Person verwenden, um auf unsere Website zuzugreifen, au\u00dfer wenn Sie die ausdr\u00fcckliche Genehmigung dieser Person daf\u00fcr haben.<\/p>\n\n\n\n<p>Wir k\u00f6nnen Ihre Benutzerkennung und Ihr Passwort jederzeit nach unserem alleinigen Ermessen mit oder ohne Ank\u00fcndigung oder Begr\u00fcndung deaktivieren.<\/p>\n\n\n\n<h2 class=\"wp-block-heading\">5. Eingeschr\u00e4nkte Gew\u00e4hrleistung<\/h2>\n\n\n\n<p>Wir gew\u00e4hrleisten nicht die Vollst\u00e4ndigkeit oder Richtigkeit der auf dieser Website ver\u00f6ffentlichten Informationen; auch verpflichten wir uns nicht zur Sicherstellung, dass die Website verf\u00fcgbar bleibt oder dass das Material auf der Website auf dem neuesten Stand gehalten wird.<\/p>\n\n\n\n<p>Bis zum maximalen Umfang zul\u00e4ssig durch anwendbares Recht schlie\u00dfen wir alle Darstellungen, Gew\u00e4hrleistungen und Bedingungen in Verbindung mit dieser Website und der Nutzung dieser Website aus (inklusive, ohne Einschr\u00e4nkung, jedwede gesetzliche stillschweigende Gew\u00e4hrleistung hinsichtlich zufriedenstellender Qualit\u00e4t, Zweckm\u00e4\u00dfigkeit und\/oder die Anwendung angemessener Sorgfalt und F\u00e4higkeit).<\/p>\n\n\n\n<h2 class=\"wp-block-heading\">6. Einschr\u00e4nkungen und Ausschl\u00fcsse der Haftbarkeit<\/h2>\n\n\n\n<p>Nichts in diesen Nutzungsbedingungen wird: (a) unsere oder Ihre Haftbarkeit f\u00fcr Tod oder K\u00f6rperverletzung entstehend aus Fahrl\u00e4ssigkeit einschr\u00e4nken oder ausschlie\u00dfen; (b) unsere oder Ihre Haftbarkeit f\u00fcr Betrug oder betr\u00fcgerische Fehldarstellungen einschr\u00e4nken oder ausschlie\u00dfen; (c) irgendwelche unserer oder Ihrer Haftbarkeiten auf irgendeine Weise einschr\u00e4nken, die nicht zul\u00e4ssig ist durch andwendbares Recht; oder (d) irgendwelche unserer oder Ihrer Haftbarkeiten ausschlie\u00dfen, die nicht durch anwendbares Recht ausgeschlossen werden k\u00f6nnen.<\/p>\n\n\n\n<p>Die Einschr\u00e4nkungen und Ausschl\u00fcsse der Haftbarkeit, die in diesem Abschnitt und anderswo in diesen Nutzungsbedingungen festgelegt sind,: (a) sind Gegenstand des vorhergehenden Absatzes; und (b) regeln alle Haftbarkeiten, die durch diese Nutzungsbedingungen oder in Verbindung mit dem Inhalt dieser Nutzungsbedingungen entstehen, inklusive sich aus vertraglich ergebenden Haftbarkeiten, aus unerlaubter Handlung (inklusive Fahrl\u00e4ssigkeit) und aus Verletzung gesetzlicher Pflicht.<\/p>\n\n\n\n<p>Wir werden Ihnen gegen\u00fcber nicht haften f\u00fcr irgendwelche gesch\u00e4ftlichen Verluste, inklusive (ohne Einschr\u00e4nkung) Verlust von oder Sch\u00e4den an Gewinnen, Einkommen, Einnahmen, Nutzung, Produktion, erwarteten Einsparungen, Gesch\u00e4ft, Vertr\u00e4gen, kommerziellen Gelegenheiten oder Firmenwert.<\/p>\n\n\n\n<p>Wir werden Ihnen gegen\u00fcber nicht haften f\u00fcr irgendwelche speziellen mittelbaren oder Folgesch\u00e4den.<\/p>\n\n\n\n<h2 class=\"wp-block-heading\">7. Schadenersatz<\/h2>\n\n\n\n<p>Hiermit erteilen Sie uns Indemnit\u00e4t und verpflichten sich, uns f\u00fcr jedwede Verluste, Sch\u00e4den, Kosten, Haftbarkeiten und Ausgaben (inklusive, ohne Einschr\u00e4nkung, Gerichtskosten und jegliche Betr\u00e4ge, die zur Regulierung eines Schadens oder Streitfalls auf Anraten eines Rechtsberaters von uns an Dritte gezahlt wurden) zu entsch\u00e4digen, die durch uns erlitten wurden oder durch einen Ihrerseitigen Versto\u00df gegen irgendwelche Klauseln dieser Nutzungsbedingungen entstanden.<\/p>\n\n\n\n<h2 class=\"wp-block-heading\">8. Verst\u00f6\u00dfe gegen diese Nutzungsbedingungen<\/h2>\n\n\n\n<p>Ohne Nachteil f\u00fcr unsere anderen Rechte unter diesen Nutzungsbedingungen, wenn Sie gegen diese Nutzungsbedingungen wie auch immer versto\u00dfen, k\u00f6nnen wir solche Ma\u00dfnahmen ergreifen, die wir f\u00fcr angemessen erachten, um mit dem Versto\u00df umzugehen, einschlie\u00dflich der Sperrung Ihres Zugangs zur Website, Untersagung Ihres Zugangs zur Website, Sperrung des Zugriffs auf unsere Website f\u00fcr Computer, die Ihre IP Adresse benutzen, Kontaktieren Ihres Internetanbieters, um diesen zu bitten, Ihren Zugang zu unserer Website zu blockieren und\/oder Gerichtsverfahren gegen Sie einzuleiten.<\/p>\n\n\n\n<h2 class=\"wp-block-heading\">9. \u00c4nderung<\/h2>\n\n\n\n<p>Wir k\u00f6nnen diese Nutzungsbedingungen von Zeit zu Zeit \u00fcberarbeiten. Ge\u00e4nderte Nutzungsbedingungen werden gelten f\u00fcr die Nutzung unserer Website ab dem Datum der Ver\u00f6ffentlichung der abge\u00e4nderten Nutzungsbedingungen auf unserer Website.<\/p>\n\n\n\n<h2 class=\"wp-block-heading\">10. Abtretung<\/h2>\n\n\n\n<p>Wir k\u00f6nnen unsere Rechte und\/oder Pflichten unter diesen Nutzungsbedingungen abtreten, einen Untervertrag abschlie\u00dfen oder anderweitig mit unseren Rechten und Pflichten verfahren, ohne Sie zu benachrichtigen oder Ihre Zustimmung einzuholen.<\/p>\n\n\n\n<p>Sie d\u00fcrfen Ihre Rechte und Pflichten unter diesen Nutzungsbedingungen nicht abtreten, einen Untervertrag abschlie\u00dfen oder anderweitig mit Ihren Rechten und Pflichten verfahren.<\/p>\n\n\n\n<h2 class=\"wp-block-heading\">11. Unsch\u00e4dlichkeitsklausel<\/h2>\n\n\n\n<p>Wenn von einem Gericht oder einer zust\u00e4ndigen Beh\u00f6rde festgelegt wird, dass eine Klausel dieser Nutzungsbedingungen gesetzeswidrig und\/oder nicht vollstreckbar ist, bleiben die anderen Klauseln weiterhin in Kraft. Wenn eine gesetzeswidrige und\/oder nicht vollstreckbare Klausel gesetzm\u00e4\u00dfig oder vollstreckbar w\u00e4re, wenn ein Teil davon gel\u00f6scht w\u00fcrde, dann wird dieser Teil als gel\u00f6scht erachtet und der Rest der Klausel bleibt weiterhin in Kraft.<\/p>\n\n\n\n<h2 class=\"wp-block-heading\">12. Ausschluss von Rechten Dritter<\/h2>\n\n\n\n<p>Diese Nutzungsbedingungen sind f\u00fcr Ihren und unseren Vorteil und sind nicht dazu bestimmt, Dritten einen Vorteil zu verschaffen oder von Dritten einklagbar zu sein. Die Ausf\u00fchrung Ihrer und unserer Rechte in Verbindung mit diesen Nutzungsbedingungen unterliegt nicht der Zustimmung von Dritten.<\/p>\n\n\n\n<h2 class=\"wp-block-heading\">13. Gesamter Vertrag<\/h2>\n\n\n\n<p>Diese Nutzungsbedingungen stellen den gesamten Vertrag zwischen Ihnen und uns dar in Verbindung mit der Nutzung unserer Website und ersetzen alle zuvor getroffenen Vereinbarungen mit Hinsicht auf Ihre Nutzung unserer Website.<\/p>\n\n\n\n<h2 class=\"wp-block-heading\">14. Gesetz und Gerichtsstand<\/h2>\n\n\n\n<p>Diese Nutzungsbedingungen werden geregelt durch das d\u00e4nische Gesetz und auf dessen Grundlage ausgelegt und jedwede Streitf\u00e4lle in Verbindung mit diesen Nutzungsbedingungen werden der nicht ausschlie\u00dflichen Zust\u00e4ndigkeit der Gerichte in D\u00e4nemark unterliegen.<\/p>\n\n\n\n<h2 class=\"wp-block-heading\">15. R\u00fcckerstattung<\/h2>\n\n\n\n<p>Der Kunde hat das Recht auf volle R\u00fcckerstattung innerhalb des Zeitraumes von 14 Tagen nach dem Kauf.<\/p>\n\n\n\n<h2 class=\"wp-block-heading\">16. Unsere Einzelheiten<\/h2>\n\n\n\n<p>Der vollst\u00e4ndige Name unsere Firma ist iSpeakIt.<br>Wir sind in D\u00e4nemark unter der Registriernummer 30875699 registriert.<br>Unsere registrierte Adresse ist<br>Njalsgade 18, st.<br>2300, K\u00f8benhavn S.<br>D\u00e4nemark<\/p>\n\n\n\n<p>Sie k\u00f6nnen uns per Email kontaktieren unter contact@speakdanish.dk<\/p>\n","protected":false},"excerpt":{"rendered":"<p>1. Einleitung Diese Nutzungsbedingungen bestimmen Ihre Nutzung unserer Website; durch Benutzen unserer Website stimmen Sie diesen Nutzungsbedingungen in vollem Umfang zu. Wenn Sie mit diesen Nutzungsbedingungen oder Teilen dieser Nutzungsbdingungen nicht einverstanden sind, dann d\u00fcrfen Sie unsere Website nicht benutzen. 2. Lizenz zur Nutzung der Website Falls nicht anderweitig angegeben, besitzen wir die Schutz- und [&hellip;]<\/p>\n","protected":false},"author":1,"featured_media":0,"parent":0,"menu_order":0,"comment_status":"closed","ping_status":"closed","template":"","meta":{"footnotes":""},"class_list":["post-14363","page","type-page","status-publish","hentry"],"yoast_head":"<!-- This site is optimized with the Yoast SEO plugin v27.4 - https:\/\/yoast.com\/product\/yoast-seo-wordpress\/ -->\n<title>Gesch\u00e4ftsbedingungen - SpeakDanish<\/title>\n<meta name=\"robots\" content=\"index, follow, max-snippet:-1, max-image-preview:large, max-video-preview:-1\" \/>\n<link rel=\"canonical\" href=\"https:\/\/speakdanish.dk\/de\/geschaeftsbedingungen\/\" \/>\n<meta property=\"og:locale\" content=\"de_DE\" \/>\n<meta property=\"og:type\" content=\"article\" \/>\n<meta property=\"og:title\" content=\"Gesch\u00e4ftsbedingungen - SpeakDanish\" \/>\n<meta property=\"og:description\" content=\"1. Einleitung Diese Nutzungsbedingungen bestimmen Ihre Nutzung unserer Website; durch Benutzen unserer Website stimmen Sie diesen Nutzungsbedingungen in vollem Umfang zu. Wenn Sie mit diesen Nutzungsbedingungen oder Teilen dieser Nutzungsbdingungen nicht einverstanden sind, dann d\u00fcrfen Sie unsere Website nicht benutzen. 2. Lizenz zur Nutzung der Website Falls nicht anderweitig angegeben, besitzen wir die Schutz- und [&hellip;]\" \/>\n<meta property=\"og:url\" content=\"https:\/\/speakdanish.dk\/de\/geschaeftsbedingungen\/\" \/>\n<meta property=\"og:site_name\" content=\"SpeakDanish\" \/>\n<meta property=\"article:publisher\" content=\"https:\/\/www.facebook.com\/speakdanish\" \/>\n<meta property=\"article:modified_time\" content=\"2023-10-03T06:10:23+00:00\" \/>\n<meta name=\"twitter:card\" content=\"summary_large_image\" \/>\n<meta name=\"twitter:site\" content=\"@speakdanish\" \/>\n<meta name=\"twitter:label1\" content=\"Gesch\u00e4tzte Lesezeit\" \/>\n\t<meta name=\"twitter:data1\" content=\"6\u00a0Minuten\" \/>\n<script type=\"application\/ld+json\" class=\"yoast-schema-graph\">{\"@context\":\"https:\\\/\\\/schema.org\",\"@graph\":[{\"@type\":\"WebPage\",\"@id\":\"https:\\\/\\\/speakdanish.dk\\\/de\\\/geschaeftsbedingungen\\\/\",\"url\":\"https:\\\/\\\/speakdanish.dk\\\/de\\\/geschaeftsbedingungen\\\/\",\"name\":\"Gesch\u00e4ftsbedingungen - SpeakDanish\",\"isPartOf\":{\"@id\":\"https:\\\/\\\/speakdanish.dk\\\/de\\\/#website\"},\"datePublished\":\"2023-08-02T12:43:04+00:00\",\"dateModified\":\"2023-10-03T06:10:23+00:00\",\"breadcrumb\":{\"@id\":\"https:\\\/\\\/speakdanish.dk\\\/de\\\/geschaeftsbedingungen\\\/#breadcrumb\"},\"inLanguage\":\"de\",\"potentialAction\":[{\"@type\":\"ReadAction\",\"target\":[\"https:\\\/\\\/speakdanish.dk\\\/de\\\/geschaeftsbedingungen\\\/\"]}]},{\"@type\":\"BreadcrumbList\",\"@id\":\"https:\\\/\\\/speakdanish.dk\\\/de\\\/geschaeftsbedingungen\\\/#breadcrumb\",\"itemListElement\":[{\"@type\":\"ListItem\",\"position\":1,\"name\":\"Home\",\"item\":\"https:\\\/\\\/speakdanish.dk\\\/de\\\/\"},{\"@type\":\"ListItem\",\"position\":2,\"name\":\"Gesch\u00e4ftsbedingungen\"}]},{\"@type\":\"WebSite\",\"@id\":\"https:\\\/\\\/speakdanish.dk\\\/de\\\/#website\",\"url\":\"https:\\\/\\\/speakdanish.dk\\\/de\\\/\",\"name\":\"SpeakDanish\",\"description\":\"An online Danish course with audio\",\"publisher\":{\"@id\":\"https:\\\/\\\/speakdanish.dk\\\/de\\\/#organization\"},\"potentialAction\":[{\"@type\":\"SearchAction\",\"target\":{\"@type\":\"EntryPoint\",\"urlTemplate\":\"https:\\\/\\\/speakdanish.dk\\\/de\\\/?s={search_term_string}\"},\"query-input\":{\"@type\":\"PropertyValueSpecification\",\"valueRequired\":true,\"valueName\":\"search_term_string\"}}],\"inLanguage\":\"de\"},{\"@type\":\"Organization\",\"@id\":\"https:\\\/\\\/speakdanish.dk\\\/de\\\/#organization\",\"name\":\"SpeakDanish\",\"url\":\"https:\\\/\\\/speakdanish.dk\\\/de\\\/\",\"logo\":{\"@type\":\"ImageObject\",\"inLanguage\":\"de\",\"@id\":\"https:\\\/\\\/speakdanish.dk\\\/de\\\/#\\\/schema\\\/logo\\\/image\\\/\",\"url\":\"https:\\\/\\\/speakdanish.dk\\\/wp-content\\\/uploads\\\/2023\\\/07\\\/SpeakDanish-logo.webp\",\"contentUrl\":\"https:\\\/\\\/speakdanish.dk\\\/wp-content\\\/uploads\\\/2023\\\/07\\\/SpeakDanish-logo.webp\",\"width\":670,\"height\":176,\"caption\":\"SpeakDanish\"},\"image\":{\"@id\":\"https:\\\/\\\/speakdanish.dk\\\/de\\\/#\\\/schema\\\/logo\\\/image\\\/\"},\"sameAs\":[\"https:\\\/\\\/www.facebook.com\\\/speakdanish\",\"https:\\\/\\\/x.com\\\/speakdanish\"]}]}<\/script>\n<!-- \/ Yoast SEO plugin. -->","yoast_head_json":{"title":"Gesch\u00e4ftsbedingungen - SpeakDanish","robots":{"index":"index","follow":"follow","max-snippet":"max-snippet:-1","max-image-preview":"max-image-preview:large","max-video-preview":"max-video-preview:-1"},"canonical":"https:\/\/speakdanish.dk\/de\/geschaeftsbedingungen\/","og_locale":"de_DE","og_type":"article","og_title":"Gesch\u00e4ftsbedingungen - SpeakDanish","og_description":"1. Einleitung Diese Nutzungsbedingungen bestimmen Ihre Nutzung unserer Website; durch Benutzen unserer Website stimmen Sie diesen Nutzungsbedingungen in vollem Umfang zu. Wenn Sie mit diesen Nutzungsbedingungen oder Teilen dieser Nutzungsbdingungen nicht einverstanden sind, dann d\u00fcrfen Sie unsere Website nicht benutzen. 2. Lizenz zur Nutzung der Website Falls nicht anderweitig angegeben, besitzen wir die Schutz- und [&hellip;]","og_url":"https:\/\/speakdanish.dk\/de\/geschaeftsbedingungen\/","og_site_name":"SpeakDanish","article_publisher":"https:\/\/www.facebook.com\/speakdanish","article_modified_time":"2023-10-03T06:10:23+00:00","twitter_card":"summary_large_image","twitter_site":"@speakdanish","twitter_misc":{"Gesch\u00e4tzte Lesezeit":"6\u00a0Minuten"},"schema":{"@context":"https:\/\/schema.org","@graph":[{"@type":"WebPage","@id":"https:\/\/speakdanish.dk\/de\/geschaeftsbedingungen\/","url":"https:\/\/speakdanish.dk\/de\/geschaeftsbedingungen\/","name":"Gesch\u00e4ftsbedingungen - SpeakDanish","isPartOf":{"@id":"https:\/\/speakdanish.dk\/de\/#website"},"datePublished":"2023-08-02T12:43:04+00:00","dateModified":"2023-10-03T06:10:23+00:00","breadcrumb":{"@id":"https:\/\/speakdanish.dk\/de\/geschaeftsbedingungen\/#breadcrumb"},"inLanguage":"de","potentialAction":[{"@type":"ReadAction","target":["https:\/\/speakdanish.dk\/de\/geschaeftsbedingungen\/"]}]},{"@type":"BreadcrumbList","@id":"https:\/\/speakdanish.dk\/de\/geschaeftsbedingungen\/#breadcrumb","itemListElement":[{"@type":"ListItem","position":1,"name":"Home","item":"https:\/\/speakdanish.dk\/de\/"},{"@type":"ListItem","position":2,"name":"Gesch\u00e4ftsbedingungen"}]},{"@type":"WebSite","@id":"https:\/\/speakdanish.dk\/de\/#website","url":"https:\/\/speakdanish.dk\/de\/","name":"SpeakDanish","description":"An online Danish course with audio","publisher":{"@id":"https:\/\/speakdanish.dk\/de\/#organization"},"potentialAction":[{"@type":"SearchAction","target":{"@type":"EntryPoint","urlTemplate":"https:\/\/speakdanish.dk\/de\/?s={search_term_string}"},"query-input":{"@type":"PropertyValueSpecification","valueRequired":true,"valueName":"search_term_string"}}],"inLanguage":"de"},{"@type":"Organization","@id":"https:\/\/speakdanish.dk\/de\/#organization","name":"SpeakDanish","url":"https:\/\/speakdanish.dk\/de\/","logo":{"@type":"ImageObject","inLanguage":"de","@id":"https:\/\/speakdanish.dk\/de\/#\/schema\/logo\/image\/","url":"https:\/\/speakdanish.dk\/wp-content\/uploads\/2023\/07\/SpeakDanish-logo.webp","contentUrl":"https:\/\/speakdanish.dk\/wp-content\/uploads\/2023\/07\/SpeakDanish-logo.webp","width":670,"height":176,"caption":"SpeakDanish"},"image":{"@id":"https:\/\/speakdanish.dk\/de\/#\/schema\/logo\/image\/"},"sameAs":["https:\/\/www.facebook.com\/speakdanish","https:\/\/x.com\/speakdanish"]}]}},"_links":{"self":[{"href":"https:\/\/speakdanish.dk\/de\/wp-json\/wp\/v2\/pages\/14363","targetHints":{"allow":["GET"]}}],"collection":[{"href":"https:\/\/speakdanish.dk\/de\/wp-json\/wp\/v2\/pages"}],"about":[{"href":"https:\/\/speakdanish.dk\/de\/wp-json\/wp\/v2\/types\/page"}],"author":[{"embeddable":true,"href":"https:\/\/speakdanish.dk\/de\/wp-json\/wp\/v2\/users\/1"}],"replies":[{"embeddable":true,"href":"https:\/\/speakdanish.dk\/de\/wp-json\/wp\/v2\/comments?post=14363"}],"version-history":[{"count":1,"href":"https:\/\/speakdanish.dk\/de\/wp-json\/wp\/v2\/pages\/14363\/revisions"}],"predecessor-version":[{"id":14369,"href":"https:\/\/speakdanish.dk\/de\/wp-json\/wp\/v2\/pages\/14363\/revisions\/14369"}],"wp:attachment":[{"href":"https:\/\/speakdanish.dk\/de\/wp-json\/wp\/v2\/media?parent=14363"}],"curies":[{"name":"wp","href":"https:\/\/api.w.org\/{rel}","templated":true}]}}