{"id":15811,"date":"2016-03-24T07:36:36","date_gmt":"2016-03-24T07:36:36","guid":{"rendered":"https:\/\/speakdanish.dk\/blog\/"},"modified":"2024-04-03T17:05:21","modified_gmt":"2024-04-03T16:05:21","slug":"blog","status":"publish","type":"page","link":"https:\/\/speakdanish.dk\/de\/blog\/","title":{"rendered":"Blog"},"content":{"rendered":"\r\n            <ul class=\"wp-block-latest-posts__list is-grid columns-2 has-author wp-block-latest-posts\">\r\n            \r\n                <li>\r\n                    <div class=\"wp-block-latest-posts__featured-image\">\r\n                        <a href=\"https:\/\/speakdanish.dk\/de\/danish_happiness\/\"><img decoding=\"async\" src=\"https:\/\/speakdanish.dk\/wp-content\/uploads\/2024\/03\/oil-painting-group-of-joyful-dancers-in-vibrant-attire-swirling-and-leaping-across-a-lush-green-m.jpeg\" class=\"attachment-medium size-medium wp-post-image\" alt=\"\" style=\"max-height: 200px;\"><\/a>\r\n                    <\/div>\r\n                    <a href=\"https:\/\/speakdanish.dk\/de\/danish_happiness\/\" class=\"wp-block-latest-posts__post-title\">If you're happy and you know it<\/a>\r\n                    <div class=\"wp-block-latest-posts__post-author\">By Mark<\/div>\r\n                    <div class=\"wp-block-latest-posts__post-excerpt\">\r\n                        \n \n\n\n\nSince 2000 Denmark has been voted the happiest country in the world 13 times, followed by Finland and Iceland (both 8 times), Norway (4 times) and Switzerland (2 ti...\r\n                        <a href=\"https:\/\/speakdanish.dk\/de\/danish_happiness\/\">Read more<span class=\"screen-reader-text\">: If you're happy and you know it<\/span><\/a>\r\n                    <\/div>\r\n                <\/li>\r\n                \r\n                <li>\r\n                    <div class=\"wp-block-latest-posts__featured-image\">\r\n                        <a href=\"https:\/\/speakdanish.dk\/de\/drinking_in_denmark\/\"><img decoding=\"async\" src=\"https:\/\/speakdanish.dk\/wp-content\/uploads\/2024\/02\/Drinking-in-Denmark.jpg\" class=\"attachment-medium size-medium wp-post-image\" alt=\"\" style=\"max-height: 200px;\"><\/a>\r\n                    <\/div>\r\n                    <a href=\"https:\/\/speakdanish.dk\/de\/drinking_in_denmark\/\" class=\"wp-block-latest-posts__post-title\">Sk\u00e5l!<\/a>\r\n                    <div class=\"wp-block-latest-posts__post-author\">By Mark<\/div>\r\n                    <div class=\"wp-block-latest-posts__post-excerpt\">\r\n                        \n\n\n\n\nTwenty-something years ago I'd just arrived in Denmark and was taking the train somewhere with my girlfriend. She buys a few bottles of Carlsberg at 7-11 and off we ...\r\n                        <a href=\"https:\/\/speakdanish.dk\/de\/drinking_in_denmark\/\">Read more<span class=\"screen-reader-text\">: Sk\u00e5l!<\/span><\/a>\r\n                    <\/div>\r\n                <\/li>\r\n                \r\n                <li>\r\n                    <div class=\"wp-block-latest-posts__featured-image\">\r\n                        <a href=\"https:\/\/speakdanish.dk\/de\/hygge\/\"><img decoding=\"async\" src=\"https:\/\/speakdanish.dk\/wp-content\/uploads\/2024\/02\/Hygge-and-the-Art-of-Motorcycle-Maintenance.jpg\" class=\"attachment-medium size-medium wp-post-image\" alt=\"\" style=\"max-height: 200px;\"><\/a>\r\n                    <\/div>\r\n                    <a href=\"https:\/\/speakdanish.dk\/de\/hygge\/\" class=\"wp-block-latest-posts__post-title\">Hygge and the Art of Motorcycle Maintenance<\/a>\r\n                    <div class=\"wp-block-latest-posts__post-author\">By Mark<\/div>\r\n                    <div class=\"wp-block-latest-posts__post-excerpt\">\r\n                        \n\n\n\n\nUnbeknownst to me, I had been eating sm\u00f8rrebr\u00f8d for many years before I came to Denmark. Well, without the rye bread, maybe. Or the herring or liver pat\u00e9 or cavia...\r\n                        <a href=\"https:\/\/speakdanish.dk\/de\/hygge\/\">Read more<span class=\"screen-reader-text\">: Hygge and the Art of Motorcycle Maintenance<\/span><\/a>\r\n                    <\/div>\r\n                <\/li>\r\n                \r\n                <li>\r\n                    <div class=\"wp-block-latest-posts__featured-image\">\r\n                        <a href=\"https:\/\/speakdanish.dk\/de\/use_your_hoved\/\"><img decoding=\"async\" src=\"https:\/\/speakdanish.dk\/wp-content\/uploads\/2024\/02\/Use-your-hoved.-Learning-Danish-in-2024.jpg\" class=\"attachment-medium size-medium wp-post-image\" alt=\"\" style=\"max-height: 200px;\"><\/a>\r\n                    <\/div>\r\n                    <a href=\"https:\/\/speakdanish.dk\/de\/use_your_hoved\/\" class=\"wp-block-latest-posts__post-title\">Use your hoved. Learning Danish in 2024.<\/a>\r\n                    <div class=\"wp-block-latest-posts__post-author\">By Mark<\/div>\r\n                    <div class=\"wp-block-latest-posts__post-excerpt\">\r\n                        \n\n\n\n\nSo you've decided to take the plunge and learn Danish. You're reading your Danish grammar book and you come across words like \"m\u00e5ske\" and \"hoved\". You have no idea ...\r\n                        <a href=\"https:\/\/speakdanish.dk\/de\/use_your_hoved\/\">Read more<span class=\"screen-reader-text\">: Use your hoved. Learning Danish in 2024.<\/span><\/a>\r\n                    <\/div>\r\n                <\/li>\r\n                \r\n                <li>\r\n                    <div class=\"wp-block-latest-posts__featured-image\">\r\n                        <a href=\"https:\/\/speakdanish.dk\/de\/learning_danish\/\"><img decoding=\"async\" src=\"https:\/\/speakdanish.dk\/wp-content\/uploads\/2024\/02\/Too-busy-to-learn-Danish.jpg\" class=\"attachment-medium size-medium wp-post-image\" alt=\"\" style=\"max-height: 200px;\"><\/a>\r\n                    <\/div>\r\n                    <a href=\"https:\/\/speakdanish.dk\/de\/learning_danish\/\" class=\"wp-block-latest-posts__post-title\">Too busy to learn Danish?<\/a>\r\n                    <div class=\"wp-block-latest-posts__post-author\">By Mark<\/div>\r\n                    <div class=\"wp-block-latest-posts__post-excerpt\">\r\n                        \n\n\n\n\nYou just got a job in Denmark and your employer generously gave you an opportunity to learn Danish at a local language school. But you find that the approach is too ...\r\n                        <a href=\"https:\/\/speakdanish.dk\/de\/learning_danish\/\">Read more<span class=\"screen-reader-text\">: Too busy to learn Danish?<\/span><\/a>\r\n                    <\/div>\r\n                <\/li>\r\n                \r\n                <li>\r\n                    <div class=\"wp-block-latest-posts__featured-image\">\r\n                        <a href=\"https:\/\/speakdanish.dk\/de\/poetry_of_smoerrebroed\/\"><img decoding=\"async\" src=\"https:\/\/speakdanish.dk\/wp-content\/uploads\/2024\/02\/The-enigma-of-smorrebrod.jpg\" class=\"attachment-medium size-medium wp-post-image\" alt=\"\" style=\"max-height: 200px;\"><\/a>\r\n                    <\/div>\r\n                    <a href=\"https:\/\/speakdanish.dk\/de\/poetry_of_smoerrebroed\/\" class=\"wp-block-latest-posts__post-title\">The enigma of sm\u00f8rrebr\u00f8d<\/a>\r\n                    <div class=\"wp-block-latest-posts__post-author\">By Mark<\/div>\r\n                    <div class=\"wp-block-latest-posts__post-excerpt\">\r\n                        \n\n\n\n\nDenmark, a small Scandinavian country nestled between Sweden and Germany, is renowned for its rich heritage, captivating landscapes, and, most importantly, its mouth...\r\n                        <a href=\"https:\/\/speakdanish.dk\/de\/poetry_of_smoerrebroed\/\">Read more<span class=\"screen-reader-text\">: The enigma of sm\u00f8rrebr\u00f8d<\/span><\/a>\r\n                    <\/div>\r\n                <\/li>\r\n                \r\n            <\/ul>\r\n            \n","protected":false},"excerpt":{"rendered":"","protected":false},"author":1,"featured_media":0,"parent":0,"menu_order":0,"comment_status":"closed","ping_status":"closed","template":"","meta":{"footnotes":""},"class_list":["post-15811","page","type-page","status-publish","hentry"],"yoast_head":"<!-- This site is optimized with the Yoast SEO plugin v27.5 - https:\/\/yoast.com\/product\/yoast-seo-wordpress\/ -->\n<title>Blog - SpeakDanish<\/title>\n<meta name=\"robots\" content=\"index, follow, max-snippet:-1, max-image-preview:large, max-video-preview:-1\" \/>\n<link rel=\"canonical\" href=\"https:\/\/speakdanish.dk\/de\/blog\/\" \/>\n<meta property=\"og:locale\" content=\"de_DE\" \/>\n<meta property=\"og:type\" content=\"article\" \/>\n<meta property=\"og:title\" content=\"Blog - SpeakDanish\" \/>\n<meta property=\"og:url\" content=\"https:\/\/speakdanish.dk\/de\/blog\/\" \/>\n<meta property=\"og:site_name\" content=\"SpeakDanish\" \/>\n<meta property=\"article:publisher\" content=\"https:\/\/www.facebook.com\/speakdanish\" \/>\n<meta property=\"article:modified_time\" content=\"2024-04-03T16:05:21+00:00\" \/>\n<meta name=\"twitter:card\" content=\"summary_large_image\" \/>\n<meta name=\"twitter:site\" content=\"@speakdanish\" \/>\n<script type=\"application\/ld+json\" class=\"yoast-schema-graph\">{\"@context\":\"https:\\\/\\\/schema.org\",\"@graph\":[{\"@type\":\"WebPage\",\"@id\":\"https:\\\/\\\/speakdanish.dk\\\/de\\\/blog\\\/\",\"url\":\"https:\\\/\\\/speakdanish.dk\\\/de\\\/blog\\\/\",\"name\":\"Blog - SpeakDanish\",\"isPartOf\":{\"@id\":\"https:\\\/\\\/speakdanish.dk\\\/de\\\/#website\"},\"datePublished\":\"2016-03-24T07:36:36+00:00\",\"dateModified\":\"2024-04-03T16:05:21+00:00\",\"breadcrumb\":{\"@id\":\"https:\\\/\\\/speakdanish.dk\\\/de\\\/blog\\\/#breadcrumb\"},\"inLanguage\":\"de\",\"potentialAction\":[{\"@type\":\"ReadAction\",\"target\":[\"https:\\\/\\\/speakdanish.dk\\\/de\\\/blog\\\/\"]}]},{\"@type\":\"BreadcrumbList\",\"@id\":\"https:\\\/\\\/speakdanish.dk\\\/de\\\/blog\\\/#breadcrumb\",\"itemListElement\":[{\"@type\":\"ListItem\",\"position\":1,\"name\":\"Home\",\"item\":\"https:\\\/\\\/speakdanish.dk\\\/de\\\/\"},{\"@type\":\"ListItem\",\"position\":2,\"name\":\"Blog\"}]},{\"@type\":\"WebSite\",\"@id\":\"https:\\\/\\\/speakdanish.dk\\\/de\\\/#website\",\"url\":\"https:\\\/\\\/speakdanish.dk\\\/de\\\/\",\"name\":\"SpeakDanish\",\"description\":\"An online Danish course with audio\",\"publisher\":{\"@id\":\"https:\\\/\\\/speakdanish.dk\\\/de\\\/#organization\"},\"potentialAction\":[{\"@type\":\"SearchAction\",\"target\":{\"@type\":\"EntryPoint\",\"urlTemplate\":\"https:\\\/\\\/speakdanish.dk\\\/de\\\/?s={search_term_string}\"},\"query-input\":{\"@type\":\"PropertyValueSpecification\",\"valueRequired\":true,\"valueName\":\"search_term_string\"}}],\"inLanguage\":\"de\"},{\"@type\":\"Organization\",\"@id\":\"https:\\\/\\\/speakdanish.dk\\\/de\\\/#organization\",\"name\":\"SpeakDanish\",\"url\":\"https:\\\/\\\/speakdanish.dk\\\/de\\\/\",\"logo\":{\"@type\":\"ImageObject\",\"inLanguage\":\"de\",\"@id\":\"https:\\\/\\\/speakdanish.dk\\\/de\\\/#\\\/schema\\\/logo\\\/image\\\/\",\"url\":\"https:\\\/\\\/speakdanish.dk\\\/wp-content\\\/uploads\\\/2023\\\/07\\\/SpeakDanish-logo.webp\",\"contentUrl\":\"https:\\\/\\\/speakdanish.dk\\\/wp-content\\\/uploads\\\/2023\\\/07\\\/SpeakDanish-logo.webp\",\"width\":670,\"height\":176,\"caption\":\"SpeakDanish\"},\"image\":{\"@id\":\"https:\\\/\\\/speakdanish.dk\\\/de\\\/#\\\/schema\\\/logo\\\/image\\\/\"},\"sameAs\":[\"https:\\\/\\\/www.facebook.com\\\/speakdanish\",\"https:\\\/\\\/x.com\\\/speakdanish\"]}]}<\/script>\n<!-- \/ Yoast SEO plugin. -->","yoast_head_json":{"title":"Blog - SpeakDanish","robots":{"index":"index","follow":"follow","max-snippet":"max-snippet:-1","max-image-preview":"max-image-preview:large","max-video-preview":"max-video-preview:-1"},"canonical":"https:\/\/speakdanish.dk\/de\/blog\/","og_locale":"de_DE","og_type":"article","og_title":"Blog - SpeakDanish","og_url":"https:\/\/speakdanish.dk\/de\/blog\/","og_site_name":"SpeakDanish","article_publisher":"https:\/\/www.facebook.com\/speakdanish","article_modified_time":"2024-04-03T16:05:21+00:00","twitter_card":"summary_large_image","twitter_site":"@speakdanish","schema":{"@context":"https:\/\/schema.org","@graph":[{"@type":"WebPage","@id":"https:\/\/speakdanish.dk\/de\/blog\/","url":"https:\/\/speakdanish.dk\/de\/blog\/","name":"Blog - SpeakDanish","isPartOf":{"@id":"https:\/\/speakdanish.dk\/de\/#website"},"datePublished":"2016-03-24T07:36:36+00:00","dateModified":"2024-04-03T16:05:21+00:00","breadcrumb":{"@id":"https:\/\/speakdanish.dk\/de\/blog\/#breadcrumb"},"inLanguage":"de","potentialAction":[{"@type":"ReadAction","target":["https:\/\/speakdanish.dk\/de\/blog\/"]}]},{"@type":"BreadcrumbList","@id":"https:\/\/speakdanish.dk\/de\/blog\/#breadcrumb","itemListElement":[{"@type":"ListItem","position":1,"name":"Home","item":"https:\/\/speakdanish.dk\/de\/"},{"@type":"ListItem","position":2,"name":"Blog"}]},{"@type":"WebSite","@id":"https:\/\/speakdanish.dk\/de\/#website","url":"https:\/\/speakdanish.dk\/de\/","name":"SpeakDanish","description":"An online Danish course with audio","publisher":{"@id":"https:\/\/speakdanish.dk\/de\/#organization"},"potentialAction":[{"@type":"SearchAction","target":{"@type":"EntryPoint","urlTemplate":"https:\/\/speakdanish.dk\/de\/?s={search_term_string}"},"query-input":{"@type":"PropertyValueSpecification","valueRequired":true,"valueName":"search_term_string"}}],"inLanguage":"de"},{"@type":"Organization","@id":"https:\/\/speakdanish.dk\/de\/#organization","name":"SpeakDanish","url":"https:\/\/speakdanish.dk\/de\/","logo":{"@type":"ImageObject","inLanguage":"de","@id":"https:\/\/speakdanish.dk\/de\/#\/schema\/logo\/image\/","url":"https:\/\/speakdanish.dk\/wp-content\/uploads\/2023\/07\/SpeakDanish-logo.webp","contentUrl":"https:\/\/speakdanish.dk\/wp-content\/uploads\/2023\/07\/SpeakDanish-logo.webp","width":670,"height":176,"caption":"SpeakDanish"},"image":{"@id":"https:\/\/speakdanish.dk\/de\/#\/schema\/logo\/image\/"},"sameAs":["https:\/\/www.facebook.com\/speakdanish","https:\/\/x.com\/speakdanish"]}]}},"_links":{"self":[{"href":"https:\/\/speakdanish.dk\/de\/wp-json\/wp\/v2\/pages\/15811","targetHints":{"allow":["GET"]}}],"collection":[{"href":"https:\/\/speakdanish.dk\/de\/wp-json\/wp\/v2\/pages"}],"about":[{"href":"https:\/\/speakdanish.dk\/de\/wp-json\/wp\/v2\/types\/page"}],"author":[{"embeddable":true,"href":"https:\/\/speakdanish.dk\/de\/wp-json\/wp\/v2\/users\/1"}],"replies":[{"embeddable":true,"href":"https:\/\/speakdanish.dk\/de\/wp-json\/wp\/v2\/comments?post=15811"}],"version-history":[{"count":5,"href":"https:\/\/speakdanish.dk\/de\/wp-json\/wp\/v2\/pages\/15811\/revisions"}],"predecessor-version":[{"id":15855,"href":"https:\/\/speakdanish.dk\/de\/wp-json\/wp\/v2\/pages\/15811\/revisions\/15855"}],"wp:attachment":[{"href":"https:\/\/speakdanish.dk\/de\/wp-json\/wp\/v2\/media?parent=15811"}],"curies":[{"name":"wp","href":"https:\/\/api.w.org\/{rel}","templated":true}]}}